{"id":3727,"date":"2023-07-31T19:26:10","date_gmt":"2023-07-31T19:26:10","guid":{"rendered":"https:\/\/dalstilius.lt\/?post_type=product&#038;p=3727"},"modified":"2023-07-31T20:53:10","modified_gmt":"2023-07-31T20:53:10","slug":"platus-ilgas-plesytas-dzinsinis-svarkas","status":"publish","type":"product","link":"https:\/\/dalstilius.lt\/index.php\/produktas\/platus-ilgas-plesytas-dzinsinis-svarkas\/","title":{"rendered":"Platus, ilgas pl\u0117\u0161ytas d\u017einsinis \u0161varkas"},"content":{"rendered":"<div dir=\"auto\">Striuk\u0117 turi 4 funkcines ki\u0161enes (2 u\u017esegamos sagomis)<\/div>\n<div dir=\"auto\">Rankogaliai u\u017esegami sagomis.<\/div>\n<div dir=\"auto\"><\/div>\n","protected":false},"excerpt":{"rendered":"<p>Ilgas d\u017einsinis \u0161varkas su madingais \u012fpl\u0117\u0161imais i\u0161 tradicinio d\u017einsinio audinio, puikiai priglunda,\u00a0 tinka pavasario, vasaros ir rudens sezonams<\/p>\n","protected":false},"featured_media":3728,"template":"","meta":[],"product_brand":[],"product_cat":[223,220],"product_tag":[],"class_list":{"0":"post-3727","1":"product","2":"type-product","3":"status-publish","4":"has-post-thumbnail","6":"product_cat-dzinsiniai-svarkai","7":"product_cat-svarkai","8":"pa_dydis-80","9":"pa_dydis-81","10":"pa_spalva-melyna","12":"first","13":"instock","14":"shipping-taxable","15":"purchasable","16":"product-type-simple"},"yoast_head":"<!-- This site is optimized with the Yoast SEO plugin v27.3 - https:\/\/yoast.com\/product\/yoast-seo-wordpress\/ -->\n<title>Platus, ilgas pl\u0117\u0161ytas d\u017einsinis \u0161varkas - Dal Stilius<\/title>\n<meta name=\"description\" content=\"Platus, ilgas pl\u0117\u0161ytas d\u017einsinis \u0161varkas\" \/>\n<meta name=\"robots\" content=\"index, follow, max-snippet:-1, max-image-preview:large, max-video-preview:-1\" \/>\n<link rel=\"canonical\" href=\"https:\/\/dalstilius.lt\/index.php\/produktas\/platus-ilgas-plesytas-dzinsinis-svarkas\/\" \/>\n<meta property=\"og:locale\" content=\"lt_LT\" \/>\n<meta property=\"og:type\" content=\"article\" \/>\n<meta property=\"og:title\" content=\"Platus, ilgas pl\u0117\u0161ytas d\u017einsinis \u0161varkas - Dal Stilius\" \/>\n<meta property=\"og:description\" content=\"Platus, ilgas pl\u0117\u0161ytas d\u017einsinis \u0161varkas\" \/>\n<meta property=\"og:url\" content=\"https:\/\/dalstilius.lt\/index.php\/produktas\/platus-ilgas-plesytas-dzinsinis-svarkas\/\" \/>\n<meta property=\"og:site_name\" content=\"Dal Stilius\" \/>\n<meta property=\"article:modified_time\" content=\"2023-07-31T20:53:10+00:00\" \/>\n<meta property=\"og:image\" content=\"https:\/\/dalstilius.lt\/wp-content\/uploads\/2023\/07\/364733532_6953264491352216_2791245831983538117_n-removebg-preview.png\" \/>\n\t<meta property=\"og:image:width\" content=\"447\" \/>\n\t<meta property=\"og:image:height\" content=\"558\" \/>\n\t<meta property=\"og:image:type\" content=\"image\/png\" \/>\n<meta name=\"twitter:card\" content=\"summary_large_image\" \/>\n<meta name=\"twitter:label1\" content=\"Est. reading time\" \/>\n\t<meta name=\"twitter:data1\" content=\"1 minut\u0117\" \/>\n<script type=\"application\/ld+json\" class=\"yoast-schema-graph\">{\"@context\":\"https:\\\/\\\/schema.org\",\"@graph\":[{\"@type\":\"WebPage\",\"@id\":\"https:\\\/\\\/dalstilius.lt\\\/index.php\\\/produktas\\\/platus-ilgas-plesytas-dzinsinis-svarkas\\\/\",\"url\":\"https:\\\/\\\/dalstilius.lt\\\/index.php\\\/produktas\\\/platus-ilgas-plesytas-dzinsinis-svarkas\\\/\",\"name\":\"Platus, ilgas pl\u0117\u0161ytas d\u017einsinis \u0161varkas - Dal Stilius\",\"isPartOf\":{\"@id\":\"https:\\\/\\\/dalstilius.lt\\\/#website\"},\"primaryImageOfPage\":{\"@id\":\"https:\\\/\\\/dalstilius.lt\\\/index.php\\\/produktas\\\/platus-ilgas-plesytas-dzinsinis-svarkas\\\/#primaryimage\"},\"image\":{\"@id\":\"https:\\\/\\\/dalstilius.lt\\\/index.php\\\/produktas\\\/platus-ilgas-plesytas-dzinsinis-svarkas\\\/#primaryimage\"},\"thumbnailUrl\":\"https:\\\/\\\/dalstilius.lt\\\/wp-content\\\/uploads\\\/2023\\\/07\\\/364733532_6953264491352216_2791245831983538117_n-removebg-preview.png\",\"datePublished\":\"2023-07-31T19:26:10+00:00\",\"dateModified\":\"2023-07-31T20:53:10+00:00\",\"description\":\"Platus, ilgas pl\u0117\u0161ytas d\u017einsinis \u0161varkas\",\"breadcrumb\":{\"@id\":\"https:\\\/\\\/dalstilius.lt\\\/index.php\\\/produktas\\\/platus-ilgas-plesytas-dzinsinis-svarkas\\\/#breadcrumb\"},\"inLanguage\":\"lt-LT\",\"potentialAction\":[{\"@type\":\"ReadAction\",\"target\":[\"https:\\\/\\\/dalstilius.lt\\\/index.php\\\/produktas\\\/platus-ilgas-plesytas-dzinsinis-svarkas\\\/\"]}]},{\"@type\":\"ImageObject\",\"inLanguage\":\"lt-LT\",\"@id\":\"https:\\\/\\\/dalstilius.lt\\\/index.php\\\/produktas\\\/platus-ilgas-plesytas-dzinsinis-svarkas\\\/#primaryimage\",\"url\":\"https:\\\/\\\/dalstilius.lt\\\/wp-content\\\/uploads\\\/2023\\\/07\\\/364733532_6953264491352216_2791245831983538117_n-removebg-preview.png\",\"contentUrl\":\"https:\\\/\\\/dalstilius.lt\\\/wp-content\\\/uploads\\\/2023\\\/07\\\/364733532_6953264491352216_2791245831983538117_n-removebg-preview.png\",\"width\":447,\"height\":558},{\"@type\":\"BreadcrumbList\",\"@id\":\"https:\\\/\\\/dalstilius.lt\\\/index.php\\\/produktas\\\/platus-ilgas-plesytas-dzinsinis-svarkas\\\/#breadcrumb\",\"itemListElement\":[{\"@type\":\"ListItem\",\"position\":1,\"name\":\"Pradinis\",\"item\":\"https:\\\/\\\/dalstilius.lt\\\/\"},{\"@type\":\"ListItem\",\"position\":2,\"name\":\"Parduotuv\u0117\",\"item\":\"https:\\\/\\\/dalstilius.lt\\\/index.php\\\/shop\\\/\"},{\"@type\":\"ListItem\",\"position\":3,\"name\":\"Platus, ilgas pl\u0117\u0161ytas d\u017einsinis \u0161varkas\"}]},{\"@type\":\"WebSite\",\"@id\":\"https:\\\/\\\/dalstilius.lt\\\/#website\",\"url\":\"https:\\\/\\\/dalstilius.lt\\\/\",\"name\":\"Dal Stilius\",\"description\":\"\",\"publisher\":{\"@id\":\"https:\\\/\\\/dalstilius.lt\\\/#\\\/schema\\\/person\\\/05a1d28f1a6540bad0ab3bf9be8bd103\"},\"potentialAction\":[{\"@type\":\"SearchAction\",\"target\":{\"@type\":\"EntryPoint\",\"urlTemplate\":\"https:\\\/\\\/dalstilius.lt\\\/?s={search_term_string}\"},\"query-input\":{\"@type\":\"PropertyValueSpecification\",\"valueRequired\":true,\"valueName\":\"search_term_string\"}}],\"inLanguage\":\"lt-LT\"},{\"@type\":[\"Person\",\"Organization\"],\"@id\":\"https:\\\/\\\/dalstilius.lt\\\/#\\\/schema\\\/person\\\/05a1d28f1a6540bad0ab3bf9be8bd103\",\"name\":\"Dalia Z\",\"image\":{\"@type\":\"ImageObject\",\"inLanguage\":\"lt-LT\",\"@id\":\"http:\\\/\\\/dalstilius.lt\\\/wp-content\\\/uploads\\\/2021\\\/08\\\/marsk.jpg\",\"url\":\"http:\\\/\\\/dalstilius.lt\\\/wp-content\\\/uploads\\\/2021\\\/08\\\/marsk.jpg\",\"contentUrl\":\"http:\\\/\\\/dalstilius.lt\\\/wp-content\\\/uploads\\\/2021\\\/08\\\/marsk.jpg\",\"width\":509,\"height\":544,\"caption\":\"Dalia Z\"},\"logo\":{\"@id\":\"http:\\\/\\\/dalstilius.lt\\\/wp-content\\\/uploads\\\/2021\\\/08\\\/marsk.jpg\"}}]}<\/script>\n<!-- \/ Yoast SEO plugin. -->","yoast_head_json":{"title":"Platus, ilgas pl\u0117\u0161ytas d\u017einsinis \u0161varkas - Dal Stilius","description":"Platus, ilgas pl\u0117\u0161ytas d\u017einsinis \u0161varkas","robots":{"index":"index","follow":"follow","max-snippet":"max-snippet:-1","max-image-preview":"max-image-preview:large","max-video-preview":"max-video-preview:-1"},"canonical":"https:\/\/dalstilius.lt\/index.php\/produktas\/platus-ilgas-plesytas-dzinsinis-svarkas\/","og_locale":"lt_LT","og_type":"article","og_title":"Platus, ilgas pl\u0117\u0161ytas d\u017einsinis \u0161varkas - Dal Stilius","og_description":"Platus, ilgas pl\u0117\u0161ytas d\u017einsinis \u0161varkas","og_url":"https:\/\/dalstilius.lt\/index.php\/produktas\/platus-ilgas-plesytas-dzinsinis-svarkas\/","og_site_name":"Dal Stilius","article_modified_time":"2023-07-31T20:53:10+00:00","og_image":[{"width":447,"height":558,"url":"https:\/\/dalstilius.lt\/wp-content\/uploads\/2023\/07\/364733532_6953264491352216_2791245831983538117_n-removebg-preview.png","type":"image\/png"}],"twitter_card":"summary_large_image","twitter_misc":{"Est. reading time":"1 minut\u0117"},"schema":{"@context":"https:\/\/schema.org","@graph":[{"@type":"WebPage","@id":"https:\/\/dalstilius.lt\/index.php\/produktas\/platus-ilgas-plesytas-dzinsinis-svarkas\/","url":"https:\/\/dalstilius.lt\/index.php\/produktas\/platus-ilgas-plesytas-dzinsinis-svarkas\/","name":"Platus, ilgas pl\u0117\u0161ytas d\u017einsinis \u0161varkas - Dal Stilius","isPartOf":{"@id":"https:\/\/dalstilius.lt\/#website"},"primaryImageOfPage":{"@id":"https:\/\/dalstilius.lt\/index.php\/produktas\/platus-ilgas-plesytas-dzinsinis-svarkas\/#primaryimage"},"image":{"@id":"https:\/\/dalstilius.lt\/index.php\/produktas\/platus-ilgas-plesytas-dzinsinis-svarkas\/#primaryimage"},"thumbnailUrl":"https:\/\/dalstilius.lt\/wp-content\/uploads\/2023\/07\/364733532_6953264491352216_2791245831983538117_n-removebg-preview.png","datePublished":"2023-07-31T19:26:10+00:00","dateModified":"2023-07-31T20:53:10+00:00","description":"Platus, ilgas pl\u0117\u0161ytas d\u017einsinis \u0161varkas","breadcrumb":{"@id":"https:\/\/dalstilius.lt\/index.php\/produktas\/platus-ilgas-plesytas-dzinsinis-svarkas\/#breadcrumb"},"inLanguage":"lt-LT","potentialAction":[{"@type":"ReadAction","target":["https:\/\/dalstilius.lt\/index.php\/produktas\/platus-ilgas-plesytas-dzinsinis-svarkas\/"]}]},{"@type":"ImageObject","inLanguage":"lt-LT","@id":"https:\/\/dalstilius.lt\/index.php\/produktas\/platus-ilgas-plesytas-dzinsinis-svarkas\/#primaryimage","url":"https:\/\/dalstilius.lt\/wp-content\/uploads\/2023\/07\/364733532_6953264491352216_2791245831983538117_n-removebg-preview.png","contentUrl":"https:\/\/dalstilius.lt\/wp-content\/uploads\/2023\/07\/364733532_6953264491352216_2791245831983538117_n-removebg-preview.png","width":447,"height":558},{"@type":"BreadcrumbList","@id":"https:\/\/dalstilius.lt\/index.php\/produktas\/platus-ilgas-plesytas-dzinsinis-svarkas\/#breadcrumb","itemListElement":[{"@type":"ListItem","position":1,"name":"Pradinis","item":"https:\/\/dalstilius.lt\/"},{"@type":"ListItem","position":2,"name":"Parduotuv\u0117","item":"https:\/\/dalstilius.lt\/index.php\/shop\/"},{"@type":"ListItem","position":3,"name":"Platus, ilgas pl\u0117\u0161ytas d\u017einsinis \u0161varkas"}]},{"@type":"WebSite","@id":"https:\/\/dalstilius.lt\/#website","url":"https:\/\/dalstilius.lt\/","name":"Dal Stilius","description":"","publisher":{"@id":"https:\/\/dalstilius.lt\/#\/schema\/person\/05a1d28f1a6540bad0ab3bf9be8bd103"},"potentialAction":[{"@type":"SearchAction","target":{"@type":"EntryPoint","urlTemplate":"https:\/\/dalstilius.lt\/?s={search_term_string}"},"query-input":{"@type":"PropertyValueSpecification","valueRequired":true,"valueName":"search_term_string"}}],"inLanguage":"lt-LT"},{"@type":["Person","Organization"],"@id":"https:\/\/dalstilius.lt\/#\/schema\/person\/05a1d28f1a6540bad0ab3bf9be8bd103","name":"Dalia Z","image":{"@type":"ImageObject","inLanguage":"lt-LT","@id":"http:\/\/dalstilius.lt\/wp-content\/uploads\/2021\/08\/marsk.jpg","url":"http:\/\/dalstilius.lt\/wp-content\/uploads\/2021\/08\/marsk.jpg","contentUrl":"http:\/\/dalstilius.lt\/wp-content\/uploads\/2021\/08\/marsk.jpg","width":509,"height":544,"caption":"Dalia Z"},"logo":{"@id":"http:\/\/dalstilius.lt\/wp-content\/uploads\/2021\/08\/marsk.jpg"}}]}},"_links":{"self":[{"href":"https:\/\/dalstilius.lt\/index.php\/wp-json\/wp\/v2\/product\/3727","targetHints":{"allow":["GET"]}}],"collection":[{"href":"https:\/\/dalstilius.lt\/index.php\/wp-json\/wp\/v2\/product"}],"about":[{"href":"https:\/\/dalstilius.lt\/index.php\/wp-json\/wp\/v2\/types\/product"}],"wp:featuredmedia":[{"embeddable":true,"href":"https:\/\/dalstilius.lt\/index.php\/wp-json\/wp\/v2\/media\/3728"}],"wp:attachment":[{"href":"https:\/\/dalstilius.lt\/index.php\/wp-json\/wp\/v2\/media?parent=3727"}],"wp:term":[{"taxonomy":"product_brand","embeddable":true,"href":"https:\/\/dalstilius.lt\/index.php\/wp-json\/wp\/v2\/product_brand?post=3727"},{"taxonomy":"product_cat","embeddable":true,"href":"https:\/\/dalstilius.lt\/index.php\/wp-json\/wp\/v2\/product_cat?post=3727"},{"taxonomy":"product_tag","embeddable":true,"href":"https:\/\/dalstilius.lt\/index.php\/wp-json\/wp\/v2\/product_tag?post=3727"}],"curies":[{"name":"wp","href":"https:\/\/api.w.org\/{rel}","templated":true}]}}